{"id":9148,"date":"2016-01-02T15:26:32","date_gmt":"2016-01-02T20:26:32","guid":{"rendered":"http:\/\/demo4.aikitech.ca\/shop\/timothys-italian-blend-coffee\/"},"modified":"2025-08-15T12:21:25","modified_gmt":"2025-08-15T16:21:25","slug":"timothys-italian-blend-coffee","status":"publish","type":"product","link":"https:\/\/cafegransasso.com\/fr\/shop\/timothys-italian-blend-coffee\/","title":{"rendered":"M\u00e9lange Italien de Timothy's"},"content":{"rendered":"<div>\n<div>\n<div>D\u00e9couvrez la renaissance d'une saveur douce, de nuances fum\u00e9es et d'un corps plein dans le Timothy's<sup>\u00ae<\/sup> M\u00e9lange italien, un m\u00e9lange espresso doux et l\u00e9ger. Une cr\u00e9ation magistrale de la torr\u00e9faction europ\u00e9enne. Salute !<\/div>\n<div><\/div>\n<div>Ce produit est certifi\u00e9 par Rainforest Alliance<sup>\u2122<\/sup> .<\/div>\n<\/div>\n<\/div>","protected":false},"excerpt":{"rendered":"<p>Experience a renaissance of sweet flavour, smoky undertones and full body in Timothy&#8217;s\u00ae Italian Blend, a smooth, light espresso blend.<\/p>","protected":false},"featured_media":26253,"comment_status":"open","ping_status":"closed","template":"","meta":[],"product_brand":[],"product_cat":[641,191,656],"product_tag":[594,308,307,334],"class_list":{"0":"post-9148","1":"product","2":"type-product","3":"status-publish","4":"has-post-thumbnail","6":"product_cat-single-serve","7":"product_cat-keurig-pods","8":"product_cat-bulk-deals","9":"product_tag-italian-blend","10":"product_tag-k-cup","11":"product_tag-keurig","12":"product_tag-timothys","14":"first","15":"instock","16":"purchasable","17":"product-type-variable","18":"has-default-attributes"},"yoast_head":"<!-- This site is optimized with the Yoast SEO plugin v26.6 - https:\/\/yoast.com\/wordpress\/plugins\/seo\/ -->\n<title>Timothy&#039;s Italian Blend Coffee - Cafe Gran Sasso<\/title>\n<meta name=\"robots\" content=\"index, follow, max-snippet:-1, max-image-preview:large, max-video-preview:-1\" \/>\n<link rel=\"canonical\" href=\"https:\/\/cafegransasso.com\/fr\/shop\/timothys-italian-blend-coffee\/\" \/>\n<meta property=\"og:locale\" content=\"fr_FR\" \/>\n<meta property=\"og:type\" content=\"article\" \/>\n<meta property=\"og:title\" content=\"Timothy&#039;s Italian Blend Coffee - Cafe Gran Sasso\" \/>\n<meta property=\"og:description\" content=\"Experience a renaissance of sweet flavour, smoky undertones and full body in Timothy&#8217;s\u00ae Italian Blend, a smooth, light espresso blend.\" \/>\n<meta property=\"og:url\" content=\"https:\/\/cafegransasso.com\/fr\/shop\/timothys-italian-blend-coffee\/\" \/>\n<meta property=\"og:site_name\" content=\"Cafe Gran Sasso\" \/>\n<meta property=\"article:publisher\" content=\"https:\/\/www.facebook.com\/CafeGranSasso\/\" \/>\n<meta property=\"article:modified_time\" content=\"2025-08-15T16:21:25+00:00\" \/>\n<meta property=\"og:image\" content=\"https:\/\/cafegransasso.com\/wp-content\/uploads\/2020\/09\/THIMOTHYS-italian-roast-f8996bb1.png\" \/>\n\t<meta property=\"og:image:width\" content=\"1920\" \/>\n\t<meta property=\"og:image:height\" content=\"1920\" \/>\n\t<meta property=\"og:image:type\" content=\"image\/png\" \/>\n<meta name=\"twitter:card\" content=\"summary_large_image\" \/>\n<script type=\"application\/ld+json\" class=\"yoast-schema-graph\">{\"@context\":\"https:\/\/schema.org\",\"@graph\":[{\"@type\":\"WebPage\",\"@id\":\"https:\/\/cafegransasso.com\/shop\/timothys-italian-blend-coffee\/\",\"url\":\"https:\/\/cafegransasso.com\/shop\/timothys-italian-blend-coffee\/\",\"name\":\"Timothy's Italian Blend Coffee - Cafe Gran Sasso\",\"isPartOf\":{\"@id\":\"https:\/\/cafegransasso.com\/#website\"},\"primaryImageOfPage\":{\"@id\":\"https:\/\/cafegransasso.com\/shop\/timothys-italian-blend-coffee\/#primaryimage\"},\"image\":{\"@id\":\"https:\/\/cafegransasso.com\/shop\/timothys-italian-blend-coffee\/#primaryimage\"},\"thumbnailUrl\":\"https:\/\/cafegransasso.com\/wp-content\/uploads\/2020\/09\/THIMOTHYS-italian-roast-f8996bb1.png\",\"datePublished\":\"2016-01-02T20:26:32+00:00\",\"dateModified\":\"2025-08-15T16:21:25+00:00\",\"breadcrumb\":{\"@id\":\"https:\/\/cafegransasso.com\/shop\/timothys-italian-blend-coffee\/#breadcrumb\"},\"inLanguage\":\"fr-ca\",\"potentialAction\":[{\"@type\":\"ReadAction\",\"target\":[\"https:\/\/cafegransasso.com\/shop\/timothys-italian-blend-coffee\/\"]}]},{\"@type\":\"ImageObject\",\"inLanguage\":\"fr-ca\",\"@id\":\"https:\/\/cafegransasso.com\/shop\/timothys-italian-blend-coffee\/#primaryimage\",\"url\":\"https:\/\/cafegransasso.com\/wp-content\/uploads\/2020\/09\/THIMOTHYS-italian-roast-f8996bb1.png\",\"contentUrl\":\"https:\/\/cafegransasso.com\/wp-content\/uploads\/2020\/09\/THIMOTHYS-italian-roast-f8996bb1.png\",\"width\":1920,\"height\":1920},{\"@type\":\"BreadcrumbList\",\"@id\":\"https:\/\/cafegransasso.com\/shop\/timothys-italian-blend-coffee\/#breadcrumb\",\"itemListElement\":[{\"@type\":\"ListItem\",\"position\":1,\"name\":\"Home\",\"item\":\"https:\/\/cafegransasso.com\/\"},{\"@type\":\"ListItem\",\"position\":2,\"name\":\"Shop\",\"item\":\"https:\/\/cafegransasso.com\/premium-office-coffee-and-accessories\/\"},{\"@type\":\"ListItem\",\"position\":3,\"name\":\"Timothy&#8217;s Italian Blend Coffee\"}]},{\"@type\":\"WebSite\",\"@id\":\"https:\/\/cafegransasso.com\/#website\",\"url\":\"https:\/\/cafegransasso.com\/\",\"name\":\"Cafe Gran Sasso\",\"description\":\"From Bean to Brew: Coffee Solutions for Businesses.\",\"publisher\":{\"@id\":\"https:\/\/cafegransasso.com\/#organization\"},\"potentialAction\":[{\"@type\":\"SearchAction\",\"target\":{\"@type\":\"EntryPoint\",\"urlTemplate\":\"https:\/\/cafegransasso.com\/?s={search_term_string}\"},\"query-input\":{\"@type\":\"PropertyValueSpecification\",\"valueRequired\":true,\"valueName\":\"search_term_string\"}}],\"inLanguage\":\"fr-ca\"},{\"@type\":\"Organization\",\"@id\":\"https:\/\/cafegransasso.com\/#organization\",\"name\":\"Cafe Gran Sasso\",\"url\":\"https:\/\/cafegransasso.com\/\",\"logo\":{\"@type\":\"ImageObject\",\"inLanguage\":\"fr-ca\",\"@id\":\"https:\/\/cafegransasso.com\/#\/schema\/logo\/image\/\",\"url\":\"https:\/\/cafegransasso.com\/wp-content\/uploads\/2024\/09\/GS-logo-Red-1-removebg-preview.png\",\"contentUrl\":\"https:\/\/cafegransasso.com\/wp-content\/uploads\/2024\/09\/GS-logo-Red-1-removebg-preview.png\",\"width\":360,\"height\":149,\"caption\":\"Cafe Gran Sasso\"},\"image\":{\"@id\":\"https:\/\/cafegransasso.com\/#\/schema\/logo\/image\/\"},\"sameAs\":[\"https:\/\/www.facebook.com\/CafeGranSasso\/\",\"https:\/\/www.instagram.com\/cafe_gransasso\/\"]}]}<\/script>\n<!-- \/ Yoast SEO plugin. -->","yoast_head_json":{"title":"Timothy's Italian Blend Coffee - Cafe Gran Sasso","robots":{"index":"index","follow":"follow","max-snippet":"max-snippet:-1","max-image-preview":"max-image-preview:large","max-video-preview":"max-video-preview:-1"},"canonical":"https:\/\/cafegransasso.com\/fr\/shop\/timothys-italian-blend-coffee\/","og_locale":"fr_FR","og_type":"article","og_title":"Timothy's Italian Blend Coffee - Cafe Gran Sasso","og_description":"Experience a renaissance of sweet flavour, smoky undertones and full body in Timothy&#8217;s\u00ae Italian Blend, a smooth, light espresso blend.","og_url":"https:\/\/cafegransasso.com\/fr\/shop\/timothys-italian-blend-coffee\/","og_site_name":"Cafe Gran Sasso","article_publisher":"https:\/\/www.facebook.com\/CafeGranSasso\/","article_modified_time":"2025-08-15T16:21:25+00:00","og_image":[{"width":1920,"height":1920,"url":"https:\/\/cafegransasso.com\/wp-content\/uploads\/2020\/09\/THIMOTHYS-italian-roast-f8996bb1.png","type":"image\/png"}],"twitter_card":"summary_large_image","schema":{"@context":"https:\/\/schema.org","@graph":[{"@type":"WebPage","@id":"https:\/\/cafegransasso.com\/shop\/timothys-italian-blend-coffee\/","url":"https:\/\/cafegransasso.com\/shop\/timothys-italian-blend-coffee\/","name":"Timothy's Italian Blend Coffee - Cafe Gran Sasso","isPartOf":{"@id":"https:\/\/cafegransasso.com\/#website"},"primaryImageOfPage":{"@id":"https:\/\/cafegransasso.com\/shop\/timothys-italian-blend-coffee\/#primaryimage"},"image":{"@id":"https:\/\/cafegransasso.com\/shop\/timothys-italian-blend-coffee\/#primaryimage"},"thumbnailUrl":"https:\/\/cafegransasso.com\/wp-content\/uploads\/2020\/09\/THIMOTHYS-italian-roast-f8996bb1.png","datePublished":"2016-01-02T20:26:32+00:00","dateModified":"2025-08-15T16:21:25+00:00","breadcrumb":{"@id":"https:\/\/cafegransasso.com\/shop\/timothys-italian-blend-coffee\/#breadcrumb"},"inLanguage":"fr-ca","potentialAction":[{"@type":"ReadAction","target":["https:\/\/cafegransasso.com\/shop\/timothys-italian-blend-coffee\/"]}]},{"@type":"ImageObject","inLanguage":"fr-ca","@id":"https:\/\/cafegransasso.com\/shop\/timothys-italian-blend-coffee\/#primaryimage","url":"https:\/\/cafegransasso.com\/wp-content\/uploads\/2020\/09\/THIMOTHYS-italian-roast-f8996bb1.png","contentUrl":"https:\/\/cafegransasso.com\/wp-content\/uploads\/2020\/09\/THIMOTHYS-italian-roast-f8996bb1.png","width":1920,"height":1920},{"@type":"BreadcrumbList","@id":"https:\/\/cafegransasso.com\/shop\/timothys-italian-blend-coffee\/#breadcrumb","itemListElement":[{"@type":"ListItem","position":1,"name":"Home","item":"https:\/\/cafegransasso.com\/"},{"@type":"ListItem","position":2,"name":"Shop","item":"https:\/\/cafegransasso.com\/premium-office-coffee-and-accessories\/"},{"@type":"ListItem","position":3,"name":"Timothy&#8217;s Italian Blend Coffee"}]},{"@type":"WebSite","@id":"https:\/\/cafegransasso.com\/#website","url":"https:\/\/cafegransasso.com\/","name":"Cafe Gran Sasso","description":"From Bean to Brew: Coffee Solutions for Businesses.","publisher":{"@id":"https:\/\/cafegransasso.com\/#organization"},"potentialAction":[{"@type":"SearchAction","target":{"@type":"EntryPoint","urlTemplate":"https:\/\/cafegransasso.com\/?s={search_term_string}"},"query-input":{"@type":"PropertyValueSpecification","valueRequired":true,"valueName":"search_term_string"}}],"inLanguage":"fr-ca"},{"@type":"Organization","@id":"https:\/\/cafegransasso.com\/#organization","name":"Cafe Gran Sasso","url":"https:\/\/cafegransasso.com\/","logo":{"@type":"ImageObject","inLanguage":"fr-ca","@id":"https:\/\/cafegransasso.com\/#\/schema\/logo\/image\/","url":"https:\/\/cafegransasso.com\/wp-content\/uploads\/2024\/09\/GS-logo-Red-1-removebg-preview.png","contentUrl":"https:\/\/cafegransasso.com\/wp-content\/uploads\/2024\/09\/GS-logo-Red-1-removebg-preview.png","width":360,"height":149,"caption":"Cafe Gran Sasso"},"image":{"@id":"https:\/\/cafegransasso.com\/#\/schema\/logo\/image\/"},"sameAs":["https:\/\/www.facebook.com\/CafeGranSasso\/","https:\/\/www.instagram.com\/cafe_gransasso\/"]}]}},"_links":{"self":[{"href":"https:\/\/cafegransasso.com\/fr\/wp-json\/wp\/v2\/product\/9148","targetHints":{"allow":["GET"]}}],"collection":[{"href":"https:\/\/cafegransasso.com\/fr\/wp-json\/wp\/v2\/product"}],"about":[{"href":"https:\/\/cafegransasso.com\/fr\/wp-json\/wp\/v2\/types\/product"}],"replies":[{"embeddable":true,"href":"https:\/\/cafegransasso.com\/fr\/wp-json\/wp\/v2\/comments?post=9148"}],"version-history":[{"count":1,"href":"https:\/\/cafegransasso.com\/fr\/wp-json\/wp\/v2\/product\/9148\/revisions"}],"predecessor-version":[{"id":26270,"href":"https:\/\/cafegransasso.com\/fr\/wp-json\/wp\/v2\/product\/9148\/revisions\/26270"}],"wp:featuredmedia":[{"embeddable":true,"href":"https:\/\/cafegransasso.com\/fr\/wp-json\/wp\/v2\/media\/26253"}],"wp:attachment":[{"href":"https:\/\/cafegransasso.com\/fr\/wp-json\/wp\/v2\/media?parent=9148"}],"wp:term":[{"taxonomy":"product_brand","embeddable":true,"href":"https:\/\/cafegransasso.com\/fr\/wp-json\/wp\/v2\/product_brand?post=9148"},{"taxonomy":"product_cat","embeddable":true,"href":"https:\/\/cafegransasso.com\/fr\/wp-json\/wp\/v2\/product_cat?post=9148"},{"taxonomy":"product_tag","embeddable":true,"href":"https:\/\/cafegransasso.com\/fr\/wp-json\/wp\/v2\/product_tag?post=9148"}],"curies":[{"name":"wp","href":"https:\/\/api.w.org\/{rel}","templated":true}]}}