{"id":9236,"date":"2016-01-03T10:49:36","date_gmt":"2016-01-03T15:49:36","guid":{"rendered":"http:\/\/demo4.aikitech.ca\/shop\/timothys-rainforest-espresso-coffee\/"},"modified":"2025-08-15T12:19:39","modified_gmt":"2025-08-15T16:19:39","slug":"timothys-rainforest-espresso-coffee","status":"publish","type":"product","link":"https:\/\/cafegransasso.com\/fr\/shop\/timothys-rainforest-espresso-coffee\/","title":{"rendered":"Caf\u00e9 Timothy's Espresso For\u00eat Tropicale\u2122"},"content":{"rendered":"<div>\n<div>Explorez votre c\u00f4t\u00e9 myst\u00e9rieux en go\u00fbtant \u00e0 l'exotisme. De la for\u00eat amazonienne luxuriante \u00e0 votre tasse, Timothy's<sup>\u00ae<\/sup>Rainforest Espresso<sup>\u00ae<\/sup> has a strong, full bodied flavour that is sweet, smooth, and richly satisfying.<\/div>\n<div><\/div>\n<div>Ce produit est certifi\u00e9 par Rainforest Alliance<sup>\u2122<\/sup> .<\/div>\n<\/div>","protected":false},"excerpt":{"rendered":"<p>Explore your mysterious side with a taste of the exotic. From lush Amazonian rainforests straight to your cup, Timothy&#8217;s\u00aeRainforest Espresso\u00ae<\/p>","protected":false},"featured_media":13745,"comment_status":"open","ping_status":"closed","template":"","meta":[],"product_brand":[],"product_cat":[641,191,656],"product_tag":[308,307,595,334],"class_list":{"0":"post-9236","1":"product","2":"type-product","3":"status-publish","4":"has-post-thumbnail","6":"product_cat-single-serve","7":"product_cat-keurig-pods","8":"product_cat-bulk-deals","9":"product_tag-k-cup","10":"product_tag-keurig","11":"product_tag-rainforest-espresso","12":"product_tag-timothys","14":"first","15":"instock","16":"purchasable","17":"product-type-variable","18":"has-default-attributes"},"yoast_head":"<!-- This site is optimized with the Yoast SEO plugin v26.6 - https:\/\/yoast.com\/wordpress\/plugins\/seo\/ -->\n<title>Timothy&#039;s Rainforest Espresso\u2122 Coffee - Cafe Gran Sasso<\/title>\n<meta name=\"robots\" content=\"index, follow, max-snippet:-1, max-image-preview:large, max-video-preview:-1\" \/>\n<link rel=\"canonical\" href=\"https:\/\/cafegransasso.com\/fr\/shop\/timothys-rainforest-espresso-coffee\/\" \/>\n<meta property=\"og:locale\" content=\"fr_FR\" \/>\n<meta property=\"og:type\" content=\"article\" \/>\n<meta property=\"og:title\" content=\"Timothy&#039;s Rainforest Espresso\u2122 Coffee - Cafe Gran Sasso\" \/>\n<meta property=\"og:description\" content=\"Explore your mysterious side with a taste of the exotic. From lush Amazonian rainforests straight to your cup, Timothy&#8217;s\u00aeRainforest Espresso\u00ae\" \/>\n<meta property=\"og:url\" content=\"https:\/\/cafegransasso.com\/fr\/shop\/timothys-rainforest-espresso-coffee\/\" \/>\n<meta property=\"og:site_name\" content=\"Cafe Gran Sasso\" \/>\n<meta property=\"article:publisher\" content=\"https:\/\/www.facebook.com\/CafeGranSasso\/\" \/>\n<meta property=\"article:modified_time\" content=\"2025-08-15T16:19:39+00:00\" \/>\n<meta property=\"og:image\" content=\"https:\/\/cafegransasso.com\/wp-content\/uploads\/2016\/01\/LID_TIMY_RAINFOREST_ESPRESSO.jpg\" \/>\n\t<meta property=\"og:image:width\" content=\"603\" \/>\n\t<meta property=\"og:image:height\" content=\"602\" \/>\n\t<meta property=\"og:image:type\" content=\"image\/jpeg\" \/>\n<meta name=\"twitter:card\" content=\"summary_large_image\" \/>\n<meta name=\"twitter:label1\" content=\"Est. reading time\" \/>\n\t<meta name=\"twitter:data1\" content=\"1 minute\" \/>\n<script type=\"application\/ld+json\" class=\"yoast-schema-graph\">{\"@context\":\"https:\/\/schema.org\",\"@graph\":[{\"@type\":\"WebPage\",\"@id\":\"https:\/\/cafegransasso.com\/shop\/timothys-rainforest-espresso-coffee\/\",\"url\":\"https:\/\/cafegransasso.com\/shop\/timothys-rainforest-espresso-coffee\/\",\"name\":\"Timothy's Rainforest Espresso\u2122 Coffee - Cafe Gran Sasso\",\"isPartOf\":{\"@id\":\"https:\/\/cafegransasso.com\/#website\"},\"primaryImageOfPage\":{\"@id\":\"https:\/\/cafegransasso.com\/shop\/timothys-rainforest-espresso-coffee\/#primaryimage\"},\"image\":{\"@id\":\"https:\/\/cafegransasso.com\/shop\/timothys-rainforest-espresso-coffee\/#primaryimage\"},\"thumbnailUrl\":\"https:\/\/cafegransasso.com\/wp-content\/uploads\/2016\/01\/LID_TIMY_RAINFOREST_ESPRESSO.jpg\",\"datePublished\":\"2016-01-03T15:49:36+00:00\",\"dateModified\":\"2025-08-15T16:19:39+00:00\",\"breadcrumb\":{\"@id\":\"https:\/\/cafegransasso.com\/shop\/timothys-rainforest-espresso-coffee\/#breadcrumb\"},\"inLanguage\":\"fr-ca\",\"potentialAction\":[{\"@type\":\"ReadAction\",\"target\":[\"https:\/\/cafegransasso.com\/shop\/timothys-rainforest-espresso-coffee\/\"]}]},{\"@type\":\"ImageObject\",\"inLanguage\":\"fr-ca\",\"@id\":\"https:\/\/cafegransasso.com\/shop\/timothys-rainforest-espresso-coffee\/#primaryimage\",\"url\":\"https:\/\/cafegransasso.com\/wp-content\/uploads\/2016\/01\/LID_TIMY_RAINFOREST_ESPRESSO.jpg\",\"contentUrl\":\"https:\/\/cafegransasso.com\/wp-content\/uploads\/2016\/01\/LID_TIMY_RAINFOREST_ESPRESSO.jpg\",\"width\":603,\"height\":602},{\"@type\":\"BreadcrumbList\",\"@id\":\"https:\/\/cafegransasso.com\/shop\/timothys-rainforest-espresso-coffee\/#breadcrumb\",\"itemListElement\":[{\"@type\":\"ListItem\",\"position\":1,\"name\":\"Home\",\"item\":\"https:\/\/cafegransasso.com\/\"},{\"@type\":\"ListItem\",\"position\":2,\"name\":\"Shop\",\"item\":\"https:\/\/cafegransasso.com\/premium-office-coffee-and-accessories\/\"},{\"@type\":\"ListItem\",\"position\":3,\"name\":\"Timothy&#8217;s Rainforest Espresso\u2122 Coffee\"}]},{\"@type\":\"WebSite\",\"@id\":\"https:\/\/cafegransasso.com\/#website\",\"url\":\"https:\/\/cafegransasso.com\/\",\"name\":\"Cafe Gran Sasso\",\"description\":\"From Bean to Brew: Coffee Solutions for Businesses.\",\"publisher\":{\"@id\":\"https:\/\/cafegransasso.com\/#organization\"},\"potentialAction\":[{\"@type\":\"SearchAction\",\"target\":{\"@type\":\"EntryPoint\",\"urlTemplate\":\"https:\/\/cafegransasso.com\/?s={search_term_string}\"},\"query-input\":{\"@type\":\"PropertyValueSpecification\",\"valueRequired\":true,\"valueName\":\"search_term_string\"}}],\"inLanguage\":\"fr-ca\"},{\"@type\":\"Organization\",\"@id\":\"https:\/\/cafegransasso.com\/#organization\",\"name\":\"Cafe Gran Sasso\",\"url\":\"https:\/\/cafegransasso.com\/\",\"logo\":{\"@type\":\"ImageObject\",\"inLanguage\":\"fr-ca\",\"@id\":\"https:\/\/cafegransasso.com\/#\/schema\/logo\/image\/\",\"url\":\"https:\/\/cafegransasso.com\/wp-content\/uploads\/2024\/09\/GS-logo-Red-1-removebg-preview.png\",\"contentUrl\":\"https:\/\/cafegransasso.com\/wp-content\/uploads\/2024\/09\/GS-logo-Red-1-removebg-preview.png\",\"width\":360,\"height\":149,\"caption\":\"Cafe Gran Sasso\"},\"image\":{\"@id\":\"https:\/\/cafegransasso.com\/#\/schema\/logo\/image\/\"},\"sameAs\":[\"https:\/\/www.facebook.com\/CafeGranSasso\/\",\"https:\/\/www.instagram.com\/cafe_gransasso\/\"]}]}<\/script>\n<!-- \/ Yoast SEO plugin. -->","yoast_head_json":{"title":"Timothy's Rainforest Espresso\u2122 Coffee - Cafe Gran Sasso","robots":{"index":"index","follow":"follow","max-snippet":"max-snippet:-1","max-image-preview":"max-image-preview:large","max-video-preview":"max-video-preview:-1"},"canonical":"https:\/\/cafegransasso.com\/fr\/shop\/timothys-rainforest-espresso-coffee\/","og_locale":"fr_FR","og_type":"article","og_title":"Timothy's Rainforest Espresso\u2122 Coffee - Cafe Gran Sasso","og_description":"Explore your mysterious side with a taste of the exotic. From lush Amazonian rainforests straight to your cup, Timothy&#8217;s\u00aeRainforest Espresso\u00ae","og_url":"https:\/\/cafegransasso.com\/fr\/shop\/timothys-rainforest-espresso-coffee\/","og_site_name":"Cafe Gran Sasso","article_publisher":"https:\/\/www.facebook.com\/CafeGranSasso\/","article_modified_time":"2025-08-15T16:19:39+00:00","og_image":[{"width":603,"height":602,"url":"https:\/\/cafegransasso.com\/wp-content\/uploads\/2016\/01\/LID_TIMY_RAINFOREST_ESPRESSO.jpg","type":"image\/jpeg"}],"twitter_card":"summary_large_image","twitter_misc":{"Est. reading time":"1 minute"},"schema":{"@context":"https:\/\/schema.org","@graph":[{"@type":"WebPage","@id":"https:\/\/cafegransasso.com\/shop\/timothys-rainforest-espresso-coffee\/","url":"https:\/\/cafegransasso.com\/shop\/timothys-rainforest-espresso-coffee\/","name":"Timothy's Rainforest Espresso\u2122 Coffee - Cafe Gran Sasso","isPartOf":{"@id":"https:\/\/cafegransasso.com\/#website"},"primaryImageOfPage":{"@id":"https:\/\/cafegransasso.com\/shop\/timothys-rainforest-espresso-coffee\/#primaryimage"},"image":{"@id":"https:\/\/cafegransasso.com\/shop\/timothys-rainforest-espresso-coffee\/#primaryimage"},"thumbnailUrl":"https:\/\/cafegransasso.com\/wp-content\/uploads\/2016\/01\/LID_TIMY_RAINFOREST_ESPRESSO.jpg","datePublished":"2016-01-03T15:49:36+00:00","dateModified":"2025-08-15T16:19:39+00:00","breadcrumb":{"@id":"https:\/\/cafegransasso.com\/shop\/timothys-rainforest-espresso-coffee\/#breadcrumb"},"inLanguage":"fr-ca","potentialAction":[{"@type":"ReadAction","target":["https:\/\/cafegransasso.com\/shop\/timothys-rainforest-espresso-coffee\/"]}]},{"@type":"ImageObject","inLanguage":"fr-ca","@id":"https:\/\/cafegransasso.com\/shop\/timothys-rainforest-espresso-coffee\/#primaryimage","url":"https:\/\/cafegransasso.com\/wp-content\/uploads\/2016\/01\/LID_TIMY_RAINFOREST_ESPRESSO.jpg","contentUrl":"https:\/\/cafegransasso.com\/wp-content\/uploads\/2016\/01\/LID_TIMY_RAINFOREST_ESPRESSO.jpg","width":603,"height":602},{"@type":"BreadcrumbList","@id":"https:\/\/cafegransasso.com\/shop\/timothys-rainforest-espresso-coffee\/#breadcrumb","itemListElement":[{"@type":"ListItem","position":1,"name":"Home","item":"https:\/\/cafegransasso.com\/"},{"@type":"ListItem","position":2,"name":"Shop","item":"https:\/\/cafegransasso.com\/premium-office-coffee-and-accessories\/"},{"@type":"ListItem","position":3,"name":"Timothy&#8217;s Rainforest Espresso\u2122 Coffee"}]},{"@type":"WebSite","@id":"https:\/\/cafegransasso.com\/#website","url":"https:\/\/cafegransasso.com\/","name":"Cafe Gran Sasso","description":"From Bean to Brew: Coffee Solutions for Businesses.","publisher":{"@id":"https:\/\/cafegransasso.com\/#organization"},"potentialAction":[{"@type":"SearchAction","target":{"@type":"EntryPoint","urlTemplate":"https:\/\/cafegransasso.com\/?s={search_term_string}"},"query-input":{"@type":"PropertyValueSpecification","valueRequired":true,"valueName":"search_term_string"}}],"inLanguage":"fr-ca"},{"@type":"Organization","@id":"https:\/\/cafegransasso.com\/#organization","name":"Cafe Gran Sasso","url":"https:\/\/cafegransasso.com\/","logo":{"@type":"ImageObject","inLanguage":"fr-ca","@id":"https:\/\/cafegransasso.com\/#\/schema\/logo\/image\/","url":"https:\/\/cafegransasso.com\/wp-content\/uploads\/2024\/09\/GS-logo-Red-1-removebg-preview.png","contentUrl":"https:\/\/cafegransasso.com\/wp-content\/uploads\/2024\/09\/GS-logo-Red-1-removebg-preview.png","width":360,"height":149,"caption":"Cafe Gran Sasso"},"image":{"@id":"https:\/\/cafegransasso.com\/#\/schema\/logo\/image\/"},"sameAs":["https:\/\/www.facebook.com\/CafeGranSasso\/","https:\/\/www.instagram.com\/cafe_gransasso\/"]}]}},"_links":{"self":[{"href":"https:\/\/cafegransasso.com\/fr\/wp-json\/wp\/v2\/product\/9236","targetHints":{"allow":["GET"]}}],"collection":[{"href":"https:\/\/cafegransasso.com\/fr\/wp-json\/wp\/v2\/product"}],"about":[{"href":"https:\/\/cafegransasso.com\/fr\/wp-json\/wp\/v2\/types\/product"}],"replies":[{"embeddable":true,"href":"https:\/\/cafegransasso.com\/fr\/wp-json\/wp\/v2\/comments?post=9236"}],"version-history":[{"count":4,"href":"https:\/\/cafegransasso.com\/fr\/wp-json\/wp\/v2\/product\/9236\/revisions"}],"predecessor-version":[{"id":29570,"href":"https:\/\/cafegransasso.com\/fr\/wp-json\/wp\/v2\/product\/9236\/revisions\/29570"}],"wp:featuredmedia":[{"embeddable":true,"href":"https:\/\/cafegransasso.com\/fr\/wp-json\/wp\/v2\/media\/13745"}],"wp:attachment":[{"href":"https:\/\/cafegransasso.com\/fr\/wp-json\/wp\/v2\/media?parent=9236"}],"wp:term":[{"taxonomy":"product_brand","embeddable":true,"href":"https:\/\/cafegransasso.com\/fr\/wp-json\/wp\/v2\/product_brand?post=9236"},{"taxonomy":"product_cat","embeddable":true,"href":"https:\/\/cafegransasso.com\/fr\/wp-json\/wp\/v2\/product_cat?post=9236"},{"taxonomy":"product_tag","embeddable":true,"href":"https:\/\/cafegransasso.com\/fr\/wp-json\/wp\/v2\/product_tag?post=9236"}],"curies":[{"name":"wp","href":"https:\/\/api.w.org\/{rel}","templated":true}]}}