{"id":9247,"date":"2016-01-03T11:03:55","date_gmt":"2016-01-03T16:03:55","guid":{"rendered":"http:\/\/demo4.aikitech.ca\/shop\/timothys-original-donut-blend-coffee\/"},"modified":"2025-08-15T12:19:04","modified_gmt":"2025-08-15T16:19:04","slug":"timothys-original-donut-blend-coffee","status":"publish","type":"product","link":"https:\/\/cafegransasso.com\/fr\/shop\/timothys-original-donut-blend-coffee\/","title":{"rendered":"M\u00e9lange Original de la Beignerie\u2122 Timothy's"},"content":{"rendered":"<p class=\" translation-block\">Le m\u00e9lange original de beignets\u2122 de Timothy's\u2122, un classique des beignets, \u00e9voquera des souvenirs de jours plus simples. Cette tasse de caf\u00e9 invitante est un voyage nostalgique \u00e0 l'\u00e9poque des beigneries traditionnelles, o\u00f9 le caf\u00e9 fra\u00eechement infus\u00e9 \u00e9tait un \u00e9l\u00e9ment de base. Onctueux et brillant, avec un bon corps et un fini net, le m\u00e9lange Original de la beignerie\u2122 de Timothy's\u2122 n'est pas une tasse de caf\u00e9 comme les autres... c'est l'un des plaisirs simples de la vie. Alors, asseyez-vous, d\u00e9tendez-vous et c\u00e9l\u00e9brez la simplicit\u00e9 avec un favori familier !<\/p>","protected":false},"excerpt":{"rendered":"<p>A timeless donut shop classic, Timothy&#8217;s\u00ae Original Donut Blend\u2122 will conjure memories of simpler days. This inviting cup of coffee<\/p>","protected":false},"featured_media":26266,"comment_status":"open","ping_status":"closed","template":"","meta":[],"product_brand":[],"product_cat":[641,191,656],"product_tag":[373,308,307,334],"class_list":{"0":"post-9247","1":"product","2":"type-product","3":"status-publish","4":"has-post-thumbnail","6":"product_cat-single-serve","7":"product_cat-keurig-pods","8":"product_cat-bulk-deals","9":"product_tag-donut-blend","10":"product_tag-k-cup","11":"product_tag-keurig","12":"product_tag-timothys","14":"first","15":"instock","16":"purchasable","17":"product-type-variable","18":"has-default-attributes"},"yoast_head":"<!-- This site is optimized with the Yoast SEO plugin v26.6 - https:\/\/yoast.com\/wordpress\/plugins\/seo\/ -->\n<title>Timothy&#039;s Original Donut Blend\u2122 Coffee - Cafe Gran Sasso<\/title>\n<meta name=\"robots\" content=\"index, follow, max-snippet:-1, max-image-preview:large, max-video-preview:-1\" \/>\n<link rel=\"canonical\" href=\"https:\/\/cafegransasso.com\/fr\/shop\/timothys-original-donut-blend-coffee\/\" \/>\n<meta property=\"og:locale\" content=\"fr_FR\" \/>\n<meta property=\"og:type\" content=\"article\" \/>\n<meta property=\"og:title\" content=\"Timothy&#039;s Original Donut Blend\u2122 Coffee - Cafe Gran Sasso\" \/>\n<meta property=\"og:description\" content=\"A timeless donut shop classic, Timothy&#8217;s\u00ae Original Donut Blend\u2122 will conjure memories of simpler days. This inviting cup of coffee\" \/>\n<meta property=\"og:url\" content=\"https:\/\/cafegransasso.com\/fr\/shop\/timothys-original-donut-blend-coffee\/\" \/>\n<meta property=\"og:site_name\" content=\"Cafe Gran Sasso\" \/>\n<meta property=\"article:publisher\" content=\"https:\/\/www.facebook.com\/CafeGranSasso\/\" \/>\n<meta property=\"article:modified_time\" content=\"2025-08-15T16:19:04+00:00\" \/>\n<meta property=\"og:image\" content=\"https:\/\/cafegransasso.com\/wp-content\/uploads\/2016\/01\/LID_TIMY_ORIG_DONUT_BLEND-b2c64853.png\" \/>\n\t<meta property=\"og:image:width\" content=\"1920\" \/>\n\t<meta property=\"og:image:height\" content=\"1920\" \/>\n\t<meta property=\"og:image:type\" content=\"image\/png\" \/>\n<meta name=\"twitter:card\" content=\"summary_large_image\" \/>\n<script type=\"application\/ld+json\" class=\"yoast-schema-graph\">{\"@context\":\"https:\/\/schema.org\",\"@graph\":[{\"@type\":\"WebPage\",\"@id\":\"https:\/\/cafegransasso.com\/shop\/timothys-original-donut-blend-coffee\/\",\"url\":\"https:\/\/cafegransasso.com\/shop\/timothys-original-donut-blend-coffee\/\",\"name\":\"Timothy's Original Donut Blend\u2122 Coffee - Cafe Gran Sasso\",\"isPartOf\":{\"@id\":\"https:\/\/cafegransasso.com\/#website\"},\"primaryImageOfPage\":{\"@id\":\"https:\/\/cafegransasso.com\/shop\/timothys-original-donut-blend-coffee\/#primaryimage\"},\"image\":{\"@id\":\"https:\/\/cafegransasso.com\/shop\/timothys-original-donut-blend-coffee\/#primaryimage\"},\"thumbnailUrl\":\"https:\/\/cafegransasso.com\/wp-content\/uploads\/2016\/01\/LID_TIMY_ORIG_DONUT_BLEND-b2c64853.png\",\"datePublished\":\"2016-01-03T16:03:55+00:00\",\"dateModified\":\"2025-08-15T16:19:04+00:00\",\"breadcrumb\":{\"@id\":\"https:\/\/cafegransasso.com\/shop\/timothys-original-donut-blend-coffee\/#breadcrumb\"},\"inLanguage\":\"fr-ca\",\"potentialAction\":[{\"@type\":\"ReadAction\",\"target\":[\"https:\/\/cafegransasso.com\/shop\/timothys-original-donut-blend-coffee\/\"]}]},{\"@type\":\"ImageObject\",\"inLanguage\":\"fr-ca\",\"@id\":\"https:\/\/cafegransasso.com\/shop\/timothys-original-donut-blend-coffee\/#primaryimage\",\"url\":\"https:\/\/cafegransasso.com\/wp-content\/uploads\/2016\/01\/LID_TIMY_ORIG_DONUT_BLEND-b2c64853.png\",\"contentUrl\":\"https:\/\/cafegransasso.com\/wp-content\/uploads\/2016\/01\/LID_TIMY_ORIG_DONUT_BLEND-b2c64853.png\",\"width\":1920,\"height\":1920},{\"@type\":\"BreadcrumbList\",\"@id\":\"https:\/\/cafegransasso.com\/shop\/timothys-original-donut-blend-coffee\/#breadcrumb\",\"itemListElement\":[{\"@type\":\"ListItem\",\"position\":1,\"name\":\"Home\",\"item\":\"https:\/\/cafegransasso.com\/\"},{\"@type\":\"ListItem\",\"position\":2,\"name\":\"Shop\",\"item\":\"https:\/\/cafegransasso.com\/premium-office-coffee-and-accessories\/\"},{\"@type\":\"ListItem\",\"position\":3,\"name\":\"Timothy&#8217;s Original Donut Blend\u2122 Coffee\"}]},{\"@type\":\"WebSite\",\"@id\":\"https:\/\/cafegransasso.com\/#website\",\"url\":\"https:\/\/cafegransasso.com\/\",\"name\":\"Cafe Gran Sasso\",\"description\":\"From Bean to Brew: Coffee Solutions for Businesses.\",\"publisher\":{\"@id\":\"https:\/\/cafegransasso.com\/#organization\"},\"potentialAction\":[{\"@type\":\"SearchAction\",\"target\":{\"@type\":\"EntryPoint\",\"urlTemplate\":\"https:\/\/cafegransasso.com\/?s={search_term_string}\"},\"query-input\":{\"@type\":\"PropertyValueSpecification\",\"valueRequired\":true,\"valueName\":\"search_term_string\"}}],\"inLanguage\":\"fr-ca\"},{\"@type\":\"Organization\",\"@id\":\"https:\/\/cafegransasso.com\/#organization\",\"name\":\"Cafe Gran Sasso\",\"url\":\"https:\/\/cafegransasso.com\/\",\"logo\":{\"@type\":\"ImageObject\",\"inLanguage\":\"fr-ca\",\"@id\":\"https:\/\/cafegransasso.com\/#\/schema\/logo\/image\/\",\"url\":\"https:\/\/cafegransasso.com\/wp-content\/uploads\/2024\/09\/GS-logo-Red-1-removebg-preview.png\",\"contentUrl\":\"https:\/\/cafegransasso.com\/wp-content\/uploads\/2024\/09\/GS-logo-Red-1-removebg-preview.png\",\"width\":360,\"height\":149,\"caption\":\"Cafe Gran Sasso\"},\"image\":{\"@id\":\"https:\/\/cafegransasso.com\/#\/schema\/logo\/image\/\"},\"sameAs\":[\"https:\/\/www.facebook.com\/CafeGranSasso\/\",\"https:\/\/www.instagram.com\/cafe_gransasso\/\"]}]}<\/script>\n<!-- \/ Yoast SEO plugin. -->","yoast_head_json":{"title":"Timothy's Original Donut Blend\u2122 Coffee - Cafe Gran Sasso","robots":{"index":"index","follow":"follow","max-snippet":"max-snippet:-1","max-image-preview":"max-image-preview:large","max-video-preview":"max-video-preview:-1"},"canonical":"https:\/\/cafegransasso.com\/fr\/shop\/timothys-original-donut-blend-coffee\/","og_locale":"fr_FR","og_type":"article","og_title":"Timothy's Original Donut Blend\u2122 Coffee - Cafe Gran Sasso","og_description":"A timeless donut shop classic, Timothy&#8217;s\u00ae Original Donut Blend\u2122 will conjure memories of simpler days. This inviting cup of coffee","og_url":"https:\/\/cafegransasso.com\/fr\/shop\/timothys-original-donut-blend-coffee\/","og_site_name":"Cafe Gran Sasso","article_publisher":"https:\/\/www.facebook.com\/CafeGranSasso\/","article_modified_time":"2025-08-15T16:19:04+00:00","og_image":[{"width":1920,"height":1920,"url":"https:\/\/cafegransasso.com\/wp-content\/uploads\/2016\/01\/LID_TIMY_ORIG_DONUT_BLEND-b2c64853.png","type":"image\/png"}],"twitter_card":"summary_large_image","schema":{"@context":"https:\/\/schema.org","@graph":[{"@type":"WebPage","@id":"https:\/\/cafegransasso.com\/shop\/timothys-original-donut-blend-coffee\/","url":"https:\/\/cafegransasso.com\/shop\/timothys-original-donut-blend-coffee\/","name":"Timothy's Original Donut Blend\u2122 Coffee - Cafe Gran Sasso","isPartOf":{"@id":"https:\/\/cafegransasso.com\/#website"},"primaryImageOfPage":{"@id":"https:\/\/cafegransasso.com\/shop\/timothys-original-donut-blend-coffee\/#primaryimage"},"image":{"@id":"https:\/\/cafegransasso.com\/shop\/timothys-original-donut-blend-coffee\/#primaryimage"},"thumbnailUrl":"https:\/\/cafegransasso.com\/wp-content\/uploads\/2016\/01\/LID_TIMY_ORIG_DONUT_BLEND-b2c64853.png","datePublished":"2016-01-03T16:03:55+00:00","dateModified":"2025-08-15T16:19:04+00:00","breadcrumb":{"@id":"https:\/\/cafegransasso.com\/shop\/timothys-original-donut-blend-coffee\/#breadcrumb"},"inLanguage":"fr-ca","potentialAction":[{"@type":"ReadAction","target":["https:\/\/cafegransasso.com\/shop\/timothys-original-donut-blend-coffee\/"]}]},{"@type":"ImageObject","inLanguage":"fr-ca","@id":"https:\/\/cafegransasso.com\/shop\/timothys-original-donut-blend-coffee\/#primaryimage","url":"https:\/\/cafegransasso.com\/wp-content\/uploads\/2016\/01\/LID_TIMY_ORIG_DONUT_BLEND-b2c64853.png","contentUrl":"https:\/\/cafegransasso.com\/wp-content\/uploads\/2016\/01\/LID_TIMY_ORIG_DONUT_BLEND-b2c64853.png","width":1920,"height":1920},{"@type":"BreadcrumbList","@id":"https:\/\/cafegransasso.com\/shop\/timothys-original-donut-blend-coffee\/#breadcrumb","itemListElement":[{"@type":"ListItem","position":1,"name":"Home","item":"https:\/\/cafegransasso.com\/"},{"@type":"ListItem","position":2,"name":"Shop","item":"https:\/\/cafegransasso.com\/premium-office-coffee-and-accessories\/"},{"@type":"ListItem","position":3,"name":"Timothy&#8217;s Original Donut Blend\u2122 Coffee"}]},{"@type":"WebSite","@id":"https:\/\/cafegransasso.com\/#website","url":"https:\/\/cafegransasso.com\/","name":"Cafe Gran Sasso","description":"From Bean to Brew: Coffee Solutions for Businesses.","publisher":{"@id":"https:\/\/cafegransasso.com\/#organization"},"potentialAction":[{"@type":"SearchAction","target":{"@type":"EntryPoint","urlTemplate":"https:\/\/cafegransasso.com\/?s={search_term_string}"},"query-input":{"@type":"PropertyValueSpecification","valueRequired":true,"valueName":"search_term_string"}}],"inLanguage":"fr-ca"},{"@type":"Organization","@id":"https:\/\/cafegransasso.com\/#organization","name":"Cafe Gran Sasso","url":"https:\/\/cafegransasso.com\/","logo":{"@type":"ImageObject","inLanguage":"fr-ca","@id":"https:\/\/cafegransasso.com\/#\/schema\/logo\/image\/","url":"https:\/\/cafegransasso.com\/wp-content\/uploads\/2024\/09\/GS-logo-Red-1-removebg-preview.png","contentUrl":"https:\/\/cafegransasso.com\/wp-content\/uploads\/2024\/09\/GS-logo-Red-1-removebg-preview.png","width":360,"height":149,"caption":"Cafe Gran Sasso"},"image":{"@id":"https:\/\/cafegransasso.com\/#\/schema\/logo\/image\/"},"sameAs":["https:\/\/www.facebook.com\/CafeGranSasso\/","https:\/\/www.instagram.com\/cafe_gransasso\/"]}]}},"_links":{"self":[{"href":"https:\/\/cafegransasso.com\/fr\/wp-json\/wp\/v2\/product\/9247","targetHints":{"allow":["GET"]}}],"collection":[{"href":"https:\/\/cafegransasso.com\/fr\/wp-json\/wp\/v2\/product"}],"about":[{"href":"https:\/\/cafegransasso.com\/fr\/wp-json\/wp\/v2\/types\/product"}],"replies":[{"embeddable":true,"href":"https:\/\/cafegransasso.com\/fr\/wp-json\/wp\/v2\/comments?post=9247"}],"version-history":[{"count":1,"href":"https:\/\/cafegransasso.com\/fr\/wp-json\/wp\/v2\/product\/9247\/revisions"}],"predecessor-version":[{"id":26268,"href":"https:\/\/cafegransasso.com\/fr\/wp-json\/wp\/v2\/product\/9247\/revisions\/26268"}],"wp:featuredmedia":[{"embeddable":true,"href":"https:\/\/cafegransasso.com\/fr\/wp-json\/wp\/v2\/media\/26266"}],"wp:attachment":[{"href":"https:\/\/cafegransasso.com\/fr\/wp-json\/wp\/v2\/media?parent=9247"}],"wp:term":[{"taxonomy":"product_brand","embeddable":true,"href":"https:\/\/cafegransasso.com\/fr\/wp-json\/wp\/v2\/product_brand?post=9247"},{"taxonomy":"product_cat","embeddable":true,"href":"https:\/\/cafegransasso.com\/fr\/wp-json\/wp\/v2\/product_cat?post=9247"},{"taxonomy":"product_tag","embeddable":true,"href":"https:\/\/cafegransasso.com\/fr\/wp-json\/wp\/v2\/product_tag?post=9247"}],"curies":[{"name":"wp","href":"https:\/\/api.w.org\/{rel}","templated":true}]}}